{"id":102,"date":"2025-01-24T18:11:21","date_gmt":"2025-01-24T18:11:21","guid":{"rendered":"https:\/\/www.senwaytruck.com\/?post_type=products&#038;p=102"},"modified":"2025-01-25T05:27:06","modified_gmt":"2025-01-25T05:27:06","slug":"bushing-shock-absorber","status":"publish","type":"product","link":"https:\/\/www.senwaytruck.com\/de\/product\/bushing-shock-absorber\/","title":{"rendered":"Buchse Sto\u00dfd\u00e4mpfer &amp; Sto\u00dfd\u00e4mpferbuchsen: Premium-Qualit\u00e4t f\u00fcr optimale Fahrzeugleistung"},"content":{"rendered":"<p>Wir k\u00f6nnen Kfz-Sto\u00dfd\u00e4mpfer, Buchsen, Sto\u00dfd\u00e4mpfer bieten.wir haben ihre eigenen Bearbeitungswerkstatt und Coating Workshop.k\u00f6nnen Metallteile zu verarbeiten, und dann in Metallteile auf die Produktion von Leim.<\/p>\n<h2><strong>Buchse Sto\u00dfd\u00e4mpfer &amp; Sto\u00dfd\u00e4mpferbuchsen: Erh\u00f6hen Sie Ihr Fahrerlebnis<\/strong><\/h2>\n<p><strong>1. Erh\u00f6hter Fahrkomfort<\/strong><\/p>\n<ul>\n<li><strong>Reibungslose \u00dcberg\u00e4nge:<\/strong>\u00a0Der Buchsen-Sto\u00dfd\u00e4mpfer sorgt daf\u00fcr, dass Ihre Fahrt auch auf unwegsamem Gel\u00e4nde ruhig und ruckelfrei bleibt.<\/li>\n<li><strong>Reduzierte Vibrationen:<\/strong>\u00a0Sie erleben weniger Vibrationen, was lange Fahrten komfortabler und weniger erm\u00fcdend macht.<\/li>\n<li><strong>Optimiertes Ansprechverhalten der Federung:<\/strong>\u00a0Der Sto\u00dfd\u00e4mpfer passt sich schnell an wechselnde Stra\u00dfenverh\u00e4ltnisse an und sorgt f\u00fcr gleichbleibenden Fahrkomfort.<\/li>\n<\/ul>\n<p><strong>2. Erh\u00f6hte Haltbarkeit und Langlebigkeit<\/strong><\/p>\n<ul>\n<li><strong>Hochwertige Materialien:<\/strong>\u00a0Unsere Sto\u00dfd\u00e4mpferbuchsen sind aus hochwertigen Materialien gefertigt, die verschlei\u00dffest sind und eine lange Lebensdauer gew\u00e4hrleisten.<\/li>\n<li><strong>Widerstandsf\u00e4higkeit gegen\u00fcber Umweltfaktoren:<\/strong>\u00a0Ob extreme Temperaturen oder korrosive Elemente - unsere Buchsen sind so konstruiert, dass sie auch schwierigen Bedingungen standhalten.<\/li>\n<li><strong>Kosteng\u00fcnstig:<\/strong>\u00a0Durch die verl\u00e4ngerte Lebensdauer sparen Sie sich h\u00e4ufige Ersatzbeschaffungen und Wartungsarbeiten.<\/li>\n<\/ul>\n<p><strong>3. Verbesserungen der Sicherheit<\/strong><\/p>\n<ul>\n<li><strong>Stabile Handhabung:<\/strong>\u00a0Mit dem Buchsen-Sto\u00dfd\u00e4mpfer wird das Fahrverhalten Ihres Fahrzeugs stabiler, insbesondere bei pl\u00f6tzlichen Man\u00f6vern.<\/li>\n<li><strong>Geringere Schleudergefahr:<\/strong>\u00a0Die verbesserte Traktion sorgt daf\u00fcr, dass die Gefahr des Schleuderns, insbesondere auf nassen Stra\u00dfen, minimiert wird.<\/li>\n<li><strong>Schutz gegen pl\u00f6tzliche St\u00f6\u00dfe:<\/strong>\u00a0Im Falle eines pl\u00f6tzlichen Aufpralls leitet der Absorber die Energie effektiv ab und verringert so m\u00f6gliche Sch\u00e4den.<\/li>\n<\/ul>\n<p><strong>4. Vielseitigkeit f\u00fcr verschiedene Fahrzeugtypen<\/strong><\/p>\n<ul>\n<li><strong>Universell einsetzbar:<\/strong>\u00a0Unsere Sto\u00dfd\u00e4mpfer- und Federbeinbuchsen sind f\u00fcr eine Vielzahl von Fahrzeugen geeignet, von der Limousine bis zum Schwerlastwagen.<\/li>\n<li><strong>Anpassbare L\u00f6sungen:<\/strong>\u00a0F\u00fcr spezielle Fahrzeugspezifikationen k\u00f6nnen unsere Produkte ma\u00dfgeschneidert werden, um spezifische Anforderungen zu erf\u00fcllen.<\/li>\n<li><strong>Einfache Installation:<\/strong>\u00a0Die f\u00fcr eine nahtlose Integration konzipierte L\u00f6sung l\u00e4sst sich einfach und m\u00fchelos installieren.<\/li>\n<\/ul>\n<p><strong>5. Verbesserte Fahrzeugleistung<\/strong><\/p>\n<ul>\n<li><strong>Verl\u00e4ngerte Lebensdauer der Reifen:<\/strong>\u00a0Durch die gleichm\u00e4\u00dfige Gewichtsverteilung und die Verringerung unn\u00f6tiger Reifenh\u00fcbe wird der Reifenverschlei\u00df minimiert.<\/li>\n<li><strong>Bessere Kraftstoffeffizienz:<\/strong>\u00a0Ein ruhiges und stabiles Fahrverhalten bedeutet, dass der Motor effizienter arbeitet, was zu einem geringeren Kraftstoffverbrauch f\u00fchren kann.<\/li>\n<li><strong>Optimierte Lastaufnahme:<\/strong>\u00a0Bei Fahrzeugen, die schwere Lasten transportieren, sorgen unsere Sto\u00dfd\u00e4mpferbuchsen daf\u00fcr, dass das Gewicht gleichm\u00e4\u00dfig verteilt wird, so dass kein Teil des Fahrzeugs \u00fcberm\u00e4\u00dfig belastet wird.<\/li>\n<\/ul>\n<p><strong>6. Berufliche Anerkennung und Unterst\u00fctzung<\/strong><\/p>\n<ul>\n<li><strong>Anerkennung der Industrie:<\/strong>\u00a0Unsere Bushing Shock Absorber und Sto\u00dfd\u00e4mpferbuchsen werden von Automobilexperten sehr empfohlen.<\/li>\n<li><strong>Engagierte Kundenbetreuung:<\/strong>\u00a0Unser Team ist immer bereit, Ihnen bei Fragen oder Problemen zu helfen, damit Sie das Beste aus unseren Produkten herausholen k\u00f6nnen.<\/li>\n<li><strong>Kontinuierliche Innovation:<\/strong>\u00a0Wir verpflichten uns zu kontinuierlicher Forschung und Entwicklung, um sicherzustellen, dass unsere Produkte an der Spitze der Automobiltechnologie bleiben.<\/li>\n<\/ul>\n<p>Investieren Sie in das Beste f\u00fcr Ihr Fahrzeug. Mit unseren Bushing Shock Absorber und Sto\u00dfd\u00e4mpferbuchsen wird jede Fahrt zu einem Beweis f\u00fcr \u00fcberlegene Technik und un\u00fcbertroffenen Komfort. Erleben Sie den Unterschied noch heute.<\/p>\n<h2><strong>H\u00e4ufig gestellte Fragen zu Buchsen f\u00fcr Sto\u00dfd\u00e4mpfer und D\u00e4mpferbuchsen<\/strong><\/h2>\n<p><strong>Was ist ein Buchsen-Sto\u00dfd\u00e4mpfer?<\/strong>\u00a0Ein Buchsen-Sto\u00dfd\u00e4mpfer ist ein spezielles Bauteil im Aufh\u00e4ngungssystem eines Fahrzeugs, das die von der Stra\u00dfe ausgehenden St\u00f6\u00dfe d\u00e4mpft und absorbiert und so f\u00fcr eine sanftere und komfortablere Fahrt sorgt.<\/p>\n<p><strong>Wie unterscheiden sich Sto\u00dfd\u00e4mpferbuchsen von normalen Buchsen?<\/strong>\u00a0Sto\u00dfd\u00e4mpferbuchsen sind speziell f\u00fcr den Einsatz in Verbindung mit Sto\u00dfd\u00e4mpfern konzipiert. Sie bestehen aus haltbaren Materialien, die den st\u00e4ndigen Ein- und Ausfederungen des Sto\u00dfd\u00e4mpfers standhalten, eine zus\u00e4tzliche D\u00e4mpfung bieten und den Verschlei\u00df verringern.<\/p>\n<p><strong>Warum ist es wichtig, meine Sto\u00dfd\u00e4mpferbuchsen zu warten oder zu ersetzen?<\/strong>\u00a0Regelm\u00e4\u00dfige Wartung und rechtzeitiger Austausch sorgen daf\u00fcr, dass das Federungssystem Ihres Fahrzeugs optimal funktioniert. Ein verschlissener Sto\u00dfd\u00e4mpfer oder eine verschlissene Buchse kann zu einem rauen Fahrverhalten, erh\u00f6htem Reifenverschlei\u00df und sogar zu einer Beeintr\u00e4chtigung der Sicherheit des Fahrzeugs f\u00fchren.<\/p>\n<p><strong>Wie oft sollte ich meine Sto\u00dfd\u00e4mpferbuchse und Sto\u00dfd\u00e4mpferbuchsen \u00fcberpr\u00fcfen oder austauschen?<\/strong>\u00a0Es wird empfohlen, Ihr Aufh\u00e4ngungssystem, einschlie\u00dflich der Sto\u00dfd\u00e4mpferbuchsen, alle 50.000 Meilen zu \u00fcberpr\u00fcfen. Wenn Sie jedoch Unregelm\u00e4\u00dfigkeiten im Fahrverhalten Ihres Fahrzeugs bemerken oder ungew\u00f6hnliche Ger\u00e4usche h\u00f6ren, sollten Sie das System fr\u00fcher \u00fcberpr\u00fcfen lassen.<\/p>\n<p><strong>Sind Bushing-Sto\u00dfd\u00e4mpfer und Sto\u00dfd\u00e4mpferbuchsen universell f\u00fcr alle Fahrzeuge?<\/strong>\u00a0Obwohl viele Sto\u00dfd\u00e4mpfer und Sto\u00dfd\u00e4mpferbuchsen f\u00fcr eine Vielzahl von Fahrzeugen geeignet sind, ist es wichtig, dass Sie die richtige Gr\u00f6\u00dfe und Spezifikation f\u00fcr Ihr spezielles Fahrzeugmodell w\u00e4hlen, um eine optimale Leistung zu gew\u00e4hrleisten.<\/p>\n<p><strong>Kann ich einen Bushing Shock Absorber oder eine Sto\u00dfd\u00e4mpferbuchse auch selbst einbauen?<\/strong>\u00a0Der Einbau dieser Komponenten kann zwar auch von Privatpersonen mit mechanischen Kenntnissen vorgenommen werden, es wird jedoch immer empfohlen, sie von einem Fachmann einbauen zu lassen, um sicherzustellen, dass sie korrekt und sicher montiert werden.<\/p>\n<p><strong>Woran erkenne ich, dass meine Sto\u00dfd\u00e4mpferbuchse oder Sto\u00dfd\u00e4mpferbuchse defekt ist?<\/strong>\u00a0H\u00e4ufige Anzeichen sind ein raues oder federndes Fahrverhalten, ungleichm\u00e4\u00dfiger Reifenverschlei\u00df, auslaufende Fl\u00fcssigkeit aus dem Sto\u00dfd\u00e4mpfer oder ungew\u00f6hnliche Ger\u00e4usche aus dem Federungssystem. Wenn Sie eines dieser Symptome feststellen, sollten Sie Ihr Fahrzeug \u00fcberpr\u00fcfen lassen.<\/p>\n<p><strong>Gibt es verschiedene Arten von Sto\u00dfd\u00e4mpfern und Sto\u00dfd\u00e4mpferbuchsen f\u00fcr unterschiedliche Terrains oder Fahrbedingungen?<\/strong>\u00a0Ja, es gibt spezielle Sto\u00dfd\u00e4mpfer und Buchsen, die f\u00fcr verschiedene Bedingungen wie Gel\u00e4ndefahrten, Rennen oder Schwerlasttransporte entwickelt wurden. Es ist wichtig, dass Sie den richtigen Typ f\u00fcr Ihre Fahrbed\u00fcrfnisse w\u00e4hlen.<\/p>\n<p><strong>Aus welchen Materialien sind Sto\u00dfd\u00e4mpferbuchsen hergestellt?<\/strong>\u00a0Sto\u00dfd\u00e4mpferbuchsen werden in der Regel aus Gummi oder Polyurethan hergestellt. Beide Materialien sind haltbar und verschlei\u00dffest, k\u00f6nnen sich aber in Bezug auf Steifigkeit und Langlebigkeit unterscheiden.<\/p>\n<p><strong>Wo kann ich Original Bushing Sto\u00dfd\u00e4mpfer und Sto\u00dfd\u00e4mpferbuchsen kaufen?<\/strong>\u00a0Um Qualit\u00e4t und Kompatibilit\u00e4t zu gew\u00e4hrleisten, empfiehlt es sich immer, diese Komponenten bei seri\u00f6sen H\u00e4ndlern oder direkt beim Fahrzeughersteller zu kaufen.<\/p>\n<h2><strong>FAQ f\u00fcr K\u00e4ufer von Sto\u00dfd\u00e4mpfern mit Buchsen<\/strong><\/h2>\n<p><strong>Was unterscheidet Ihre Bushing Shock Absorber und Sto\u00dfd\u00e4mpferbuchsen von denen der Konkurrenz?<\/strong>\u00a0Unsere Produkte werden mit Pr\u00e4zision und unter Verwendung modernster Technologien und hochwertiger Materialien entwickelt. Wir legen Wert auf Leistung, Langlebigkeit und Sicherheit und stellen sicher, dass unsere Komponenten die Industriestandards stets erf\u00fcllen und \u00fcbertreffen.<\/p>\n<p><strong>K\u00f6nnen Sie Gro\u00dfbestellungen bearbeiten und wie lange ist die Vorlaufzeit?<\/strong>\u00a0Ganz genau. Wir verf\u00fcgen \u00fcber eine robuste Produktionsinfrastruktur, die Gro\u00dfauftr\u00e4ge effizient abwickeln kann. In der Regel variiert die Vorlaufzeit je nach Auftragsgr\u00f6\u00dfe, aber wir bem\u00fchen uns stets, Auftr\u00e4ge in k\u00fcrzester Zeit zu erf\u00fcllen, ohne Kompromisse bei der Qualit\u00e4t einzugehen.<\/p>\n<p><strong>Bieten Sie irgendwelche Garantien oder Gew\u00e4hrleistungen f\u00fcr Ihre Produkte an?<\/strong>\u00a0Ja, wir stehen f\u00fcr die Qualit\u00e4t unserer Produkte ein. Alle unsere Sto\u00dfd\u00e4mpfer und Sto\u00dfd\u00e4mpferbuchsen werden mit einer umfassenden Garantie geliefert, die Herstellungsfehler und Leistungsprobleme abdeckt.<\/p>\n<p><strong>Entsprechen Ihre Produkte den internationalen Normen?<\/strong>\u00a0Unsere Produkte werden strengen Tests unterzogen, um sicherzustellen, dass sie die internationalen Qualit\u00e4ts- und Sicherheitsstandards erf\u00fcllen und oft sogar \u00fcbertreffen. Wir sind bestrebt, unseren B2B-Partnern nur das Beste zu liefern.<\/p>\n<p><strong>K\u00f6nnen wir unsere Bestellungen auf der Grundlage spezifischer Anforderungen anpassen?<\/strong>\u00a0Gewiss. Wir wissen, dass jedes Unternehmen seine eigenen Bed\u00fcrfnisse hat. Unser Team ist in der Lage, eng mit Ihnen zusammenzuarbeiten, um Produkte nach Ihren Spezifikationen zu entwickeln.<\/p>\n<p><strong>Wie stellen Sie die Haltbarkeit und Langlebigkeit Ihrer Produkte sicher?<\/strong>\u00a0Unsere Sto\u00dfd\u00e4mpfer und Sto\u00dfd\u00e4mpferbuchsen werden aus hochwertigen, verschlei\u00dffesten Materialien hergestellt. Dar\u00fcber hinaus sorgen unsere fortschrittlichen Fertigungsverfahren und Qualit\u00e4tskontrollma\u00dfnahmen daf\u00fcr, dass jedes Produkt, das unser Werk verl\u00e4sst, f\u00fcr eine lange Lebensdauer ausgelegt ist.<\/p>\n<p><strong>Bieten Sie technische Unterst\u00fctzung und Kundendienst an?<\/strong>\u00a0Ja, wir haben ein engagiertes Team von technischen Experten, die unseren B2B-Partnern bei allen Fragen und Anliegen zur Seite stehen. Unser Engagement f\u00fcr Sie geht \u00fcber den Verkauf hinaus und stellt sicher, dass Sie den gr\u00f6\u00dftm\u00f6glichen Nutzen aus unseren Produkten ziehen.<\/p>\n<p><strong>Wie handhaben Sie die Logistik und den Versand f\u00fcr internationale Bestellungen?<\/strong>\u00a0Wir haben Partnerschaften mit f\u00fchrenden Logistikanbietern aufgebaut, um die rechtzeitige und sichere Lieferung unserer Produkte weltweit zu gew\u00e4hrleisten. Unser Team \u00fcberwacht jede Sendung genau und stellt sicher, dass sie unsere Kunden in perfektem Zustand erreicht.<\/p>\n<p><strong>Gibt es Mengenrabatte oder Sonderpreise f\u00fcr Nachbestellungen?<\/strong>\u00a0Wir sch\u00e4tzen unsere langfristigen Partnerschaften und bieten wettbewerbsf\u00e4hige Preismodelle, einschlie\u00dflich Mengenrabatte und Sondertarife f\u00fcr unsere treuen B2B-Kunden.<\/p>\n<p><strong>Wie k\u00f6nnen wir uns von den ethischen Standards Ihrer Herstellungsprozesse \u00fcberzeugen?<\/strong>\u00a0Wir sind stolz darauf, einen transparenten und ethischen Herstellungsprozess zu pflegen. Wir halten uns an alle lokalen und internationalen Vorschriften und sorgen daf\u00fcr, dass unser Betrieb nur minimale Auswirkungen auf die Umwelt hat. Unser Engagement f\u00fcr ethische Praktiken ist unersch\u00fctterlich, und wir sind immer offen f\u00fcr Audits und Inspektionen durch unsere Partner.<\/p>\n<p>Wir wissen, wie wichtig Vertrauen in B2B-Beziehungen ist, und wir sind hier, um konsistente Qualit\u00e4t, Zuverl\u00e4ssigkeit und Unterst\u00fctzung zu bieten. Ihr Erfolg ist unser Erfolg.<\/p>","protected":false},"excerpt":{"rendered":"<p>Wir k\u00f6nnen Automobil-Sto\u00dfd\u00e4mpfer, Buchsen, Sto\u00dfd\u00e4mpfer bieten. Wir haben ihre eigenen Bearbeitungswerkstatt und Coating Workshop.k\u00f6nnen Metallteile zu verarbeiten, und dann in Metallteile auf die Produktion von Leim.<\/p>\n<p><strong>Buchse Sto\u00dfd\u00e4mpfer &amp; Sto\u00dfd\u00e4mpferbuchsen: Die ultimative L\u00f6sung f\u00fcr ein sanftes Fahrverhalten<\/strong><\/p>\n<p><strong>1. Unvergleichliche Leistung mit Buchsen-Sto\u00dfd\u00e4mpfern<\/strong>\u00a0Erleben Sie den Unterschied mit unserem Bushing Shock Absorber. Unsere Sto\u00dfd\u00e4mpfer wurden mit h\u00f6chster Pr\u00e4zision entwickelt und gefertigt und sorgen daf\u00fcr, dass sich jede Unebenheit auf der Stra\u00dfe wie eine sanfte Ber\u00fchrung anf\u00fchlt. Verabschieden Sie sich von ruckelnden Fahrten und freuen Sie sich auf sanfte, ununterbrochene Fahrten.<\/p>\n<p><strong>2. Langlebigkeit trifft auf Exzellenz: Sto\u00dfd\u00e4mpferbuchsen<\/strong>\u00a0Wenn es um Langlebigkeit und Leistung geht, heben sich unsere Sto\u00dfd\u00e4mpferbuchsen von anderen ab. Die aus hochwertigen Materialien gefertigten Buchsen sind verschlei\u00dffest und sorgen daf\u00fcr, dass das Aufh\u00e4ngungssystem Ihres Fahrzeugs \u00fcber Jahre hinweg in einem erstklassigen Zustand bleibt.<\/p>\n<p><strong>3. Fortschrittliche Technologie f\u00fcr mehr Sicherheit<\/strong>\u00a0Sicherheit ist oberstes Gebot, und mit unseren Buchsen-Sto\u00dfd\u00e4mpfern sind Sie in guten H\u00e4nden. Unsere fortschrittliche Technik sorgt daf\u00fcr, dass die Sto\u00dfd\u00e4mpfer sofort auf die Stra\u00dfenverh\u00e4ltnisse reagieren und maximalen Schutz vor pl\u00f6tzlichen St\u00f6\u00dfen und Schl\u00e4gen bieten.<\/p>\n<p><strong>4. Nahtlose Integration in alle Fahrzeugtypen<\/strong>\u00a0Ganz gleich, ob Sie eine Limousine, einen Gel\u00e4ndewagen oder einen schweren Lkw besitzen, unsere Sto\u00dfd\u00e4mpferbuchsen und Sto\u00dfd\u00e4mpferbuchsen sind mit einer Vielzahl von Fahrzeugen kompatibel. Ihr vielseitiges Design gew\u00e4hrleistet eine perfekte Passform und verbessert die Gesamtleistung des Aufh\u00e4ngungssystems Ihres Fahrzeugs.<\/p>\n<p><strong>5. Expertenvermerk: Eine Auswahl an Fachleuten<\/strong>\u00a0Nehmen Sie nicht nur unser Wort f\u00fcr sich selbst. Fachleute aus der gesamten Automobilbranche b\u00fcrgen f\u00fcr die Zuverl\u00e4ssigkeit und Effizienz unserer Sto\u00dfd\u00e4mpferbuchsen und Sto\u00dfd\u00e4mpferbuchsen. Schlie\u00dfen Sie sich den Reihen der zufriedenen Kunden an und geben Sie Ihrem Fahrzeug das Upgrade, das es verdient.<\/p>\n<p>W\u00e4hlen Sie das Beste f\u00fcr Ihr Fahrzeug. Entscheiden Sie sich f\u00fcr unsere Bushing Shock Absorber und Sto\u00dfd\u00e4mpferbuchsen f\u00fcr eine ruhige, sichere und \u00fcberlegene Fahrt. Ihre Reise verdient nichts anderes.<\/p>","protected":false},"featured_media":307,"template":"","meta":[],"product_brand":[],"product_cat":[50],"product_tag":[],"class_list":{"0":"post-102","1":"product","2":"type-product","3":"status-publish","4":"has-post-thumbnail","6":"product_cat-uncategorized","8":"first","9":"instock","10":"shipping-taxable","11":"product-type-simple"},"_links":{"self":[{"href":"https:\/\/www.senwaytruck.com\/de\/wp-json\/wp\/v2\/product\/102","targetHints":{"allow":["GET"]}}],"collection":[{"href":"https:\/\/www.senwaytruck.com\/de\/wp-json\/wp\/v2\/product"}],"about":[{"href":"https:\/\/www.senwaytruck.com\/de\/wp-json\/wp\/v2\/types\/product"}],"wp:featuredmedia":[{"embeddable":true,"href":"https:\/\/www.senwaytruck.com\/de\/wp-json\/wp\/v2\/media\/307"}],"wp:attachment":[{"href":"https:\/\/www.senwaytruck.com\/de\/wp-json\/wp\/v2\/media?parent=102"}],"wp:term":[{"taxonomy":"product_brand","embeddable":true,"href":"https:\/\/www.senwaytruck.com\/de\/wp-json\/wp\/v2\/product_brand?post=102"},{"taxonomy":"product_cat","embeddable":true,"href":"https:\/\/www.senwaytruck.com\/de\/wp-json\/wp\/v2\/product_cat?post=102"},{"taxonomy":"product_tag","embeddable":true,"href":"https:\/\/www.senwaytruck.com\/de\/wp-json\/wp\/v2\/product_tag?post=102"}],"curies":[{"name":"wp","href":"https:\/\/api.w.org\/{rel}","templated":true}]}}